{"id":531,"date":"2024-09-12T16:25:26","date_gmt":"2024-09-12T14:25:26","guid":{"rendered":"https:\/\/yannick.bacasable-atoll.com\/?page_id=531"},"modified":"2024-09-12T17:55:53","modified_gmt":"2024-09-12T15:55:53","slug":"accueil","status":"publish","type":"page","link":"https:\/\/yannick.bacasable-atoll.com\/","title":{"rendered":"Accueil"},"content":{"rendered":"<nav data-widget-number=\"510\" aria-label=\"Menu\">\n\t\t\t\t\t<button id=\"menu-toggle-510\" aria-haspopup=\"true\" aria-expanded=\"false\" aria-controls=\"menubar-510\" aria-label=\"Menu Toggle\"><br \/>\n\t\t\t\t<svg viewBox=\"0 0 1000 1000\" xmlns=\"http:\/\/www.w3.org\/2000\/svg\"><path d=\"M104 333H896C929 333 958 304 958 271S929 208 896 208H104C71 208 42 237 42 271S71 333 104 333ZM104 583H896C929 583 958 554 958 521S929 458 896 458H104C71 458 42 487 42 521S71 583 104 583ZM104 833H896C929 833 958 804 958 771S929 708 896 708H104C71 708 42 737 42 771S71 833 104 833Z\"><\/path><\/svg><br \/>\n\t\t\t\t<svg viewBox=\"0 0 1000 1000\" xmlns=\"http:\/\/www.w3.org\/2000\/svg\"><path d=\"M742 167L500 408 258 167C246 154 233 150 217 150 196 150 179 158 167 167 154 179 150 196 150 212 150 229 154 242 171 254L408 500 167 742C138 771 138 800 167 829 196 858 225 858 254 829L496 587 738 829C750 842 767 846 783 846 800 846 817 842 829 829 842 817 846 804 846 783 846 767 842 750 829 737L588 500 833 258C863 229 863 200 833 171 804 137 775 137 742 167Z\"><\/path><\/svg><br \/>\n\t\t<\/button><\/p>\n<ul>\n<li>\n\t\t\t\t\t<a href=\"#accueil\" aria-current=\"page\"><br \/>\n\t\t\t\t\t\t\tAccueil<br \/>\n\t\t\t\t\t<\/a>\n\t\t\t\t\t\t\t<\/li>\n<li>\n\t\t\t\t\t<a href=\"#apropos\" aria-current=\"page\"><br \/>\n\t\t\t\t\t\t\tA propos<br \/>\n\t\t\t\t\t<\/a>\n\t\t\t\t\t\t\t<\/li>\n<\/ul>\n<\/nav>\n<nav data-widget-number=\"127\" aria-label=\"Menu\">\n\t\t\t\t\t<button id=\"menu-toggle-127\" aria-haspopup=\"true\" aria-expanded=\"false\" aria-controls=\"menubar-127\" aria-label=\"Menu Toggle\"><br \/>\n\t\t\t\t<svg viewBox=\"0 0 1000 1000\" xmlns=\"http:\/\/www.w3.org\/2000\/svg\"><path d=\"M104 333H896C929 333 958 304 958 271S929 208 896 208H104C71 208 42 237 42 271S71 333 104 333ZM104 583H896C929 583 958 554 958 521S929 458 896 458H104C71 458 42 487 42 521S71 583 104 583ZM104 833H896C929 833 958 804 958 771S929 708 896 708H104C71 708 42 737 42 771S71 833 104 833Z\"><\/path><\/svg><br \/>\n\t\t\t\t<svg viewBox=\"0 0 1000 1000\" xmlns=\"http:\/\/www.w3.org\/2000\/svg\"><path d=\"M742 167L500 408 258 167C246 154 233 150 217 150 196 150 179 158 167 167 154 179 150 196 150 212 150 229 154 242 171 254L408 500 167 742C138 771 138 800 167 829 196 858 225 858 254 829L496 587 738 829C750 842 767 846 783 846 800 846 817 842 829 829 842 817 846 804 846 783 846 767 842 750 829 737L588 500 833 258C863 229 863 200 833 171 804 137 775 137 742 167Z\"><\/path><\/svg><br \/>\n\t\t<\/button><\/p>\n<ul>\n<li>\n\t\t\t\t\t<a href=\"#services\" aria-current=\"page\"><br \/>\n\t\t\t\t\t\t\tServices<br \/>\n\t\t\t\t\t<\/a>\n\t\t\t\t\t\t\t<\/li>\n<li>\n\t\t\t\t\t<a href=\"#contact\" aria-current=\"page\"><br \/>\n\t\t\t\t\t\t\tContact<br \/>\n\t\t\t\t\t<\/a>\n\t\t\t\t\t\t\t<\/li>\n<\/ul>\n<\/nav>\n<nav data-widget-number=\"999\" aria-label=\"Menu\">\n\t\t\t\t\t<button id=\"menu-toggle-999\" aria-haspopup=\"true\" aria-expanded=\"false\" aria-controls=\"menubar-999\" aria-label=\"Menu Toggle\"><br \/>\n\t\t\t\t<svg viewBox=\"0 0 1000 1000\" xmlns=\"http:\/\/www.w3.org\/2000\/svg\"><path d=\"M104 333H896C929 333 958 304 958 271S929 208 896 208H104C71 208 42 237 42 271S71 333 104 333ZM104 583H896C929 583 958 554 958 521S929 458 896 458H104C71 458 42 487 42 521S71 583 104 583ZM104 833H896C929 833 958 804 958 771S929 708 896 708H104C71 708 42 737 42 771S71 833 104 833Z\"><\/path><\/svg><br \/>\n\t\t\t\t<svg viewBox=\"0 0 1000 1000\" xmlns=\"http:\/\/www.w3.org\/2000\/svg\"><path d=\"M742 167L500 408 258 167C246 154 233 150 217 150 196 150 179 158 167 167 154 179 150 196 150 212 150 229 154 242 171 254L408 500 167 742C138 771 138 800 167 829 196 858 225 858 254 829L496 587 738 829C750 842 767 846 783 846 800 846 817 842 829 829 842 817 846 804 846 783 846 767 842 750 829 737L588 500 833 258C863 229 863 200 833 171 804 137 775 137 742 167Z\"><\/path><\/svg><br \/>\n\t\t<\/button><\/p>\n<ul>\n<li>\n\t\t\t\t\t<a href=\"#accueil\" aria-current=\"page\"><br \/>\n\t\t\t\t\t\t\tAccueil<br \/>\n\t\t\t\t\t<\/a>\n\t\t\t\t\t\t\t<\/li>\n<li>\n\t\t\t\t\t<a href=\"#apropos\" aria-current=\"page\"><br \/>\n\t\t\t\t\t\t\tA propos<br \/>\n\t\t\t\t\t<\/a>\n\t\t\t\t\t\t\t<\/li>\n<li>\n\t\t\t\t\t<a href=\"#services\" aria-current=\"page\"><br \/>\n\t\t\t\t\t\t\tServices<br \/>\n\t\t\t\t\t<\/a>\n\t\t\t\t\t\t\t<\/li>\n<li>\n\t\t\t\t\t<a href=\"#contact\" aria-current=\"page\"><br \/>\n\t\t\t\t\t\t\tContact<br \/>\n\t\t\t\t\t<\/a>\n\t\t\t\t\t\t\t<\/li>\n<\/ul>\n<\/nav>\n<h2>A propos de nous <\/h2>\n<p>\t\t\t\t\t\t\t\t\t\t\t\t\t<img loading=\"lazy\" decoding=\"async\" width=\"1024\" height=\"683\" src=\"https:\/\/yannick.bacasable-atoll.com\/wp-content\/uploads\/2024\/09\/placeholder-13-1024x683.png\" alt=\"\" srcset=\"https:\/\/yannick.bacasable-atoll.com\/wp-content\/uploads\/2024\/09\/placeholder-13-1024x683.png 1024w, https:\/\/yannick.bacasable-atoll.com\/wp-content\/uploads\/2024\/09\/placeholder-13-300x200.png 300w, https:\/\/yannick.bacasable-atoll.com\/wp-content\/uploads\/2024\/09\/placeholder-13-768x512.png 768w, https:\/\/yannick.bacasable-atoll.com\/wp-content\/uploads\/2024\/09\/placeholder-13.png 1200w\" sizes=\"(max-width: 1024px) 100vw, 1024px\" \/><br \/>\n\t\tl\u00e9gende de la photo 1<br \/>\n\t\t\t\t\t\t\t\t\t\t\t\t\t<img loading=\"lazy\" decoding=\"async\" width=\"1024\" height=\"683\" src=\"https:\/\/yannick.bacasable-atoll.com\/wp-content\/uploads\/2024\/09\/placeholder-15-1024x683.png\" alt=\"\" srcset=\"https:\/\/yannick.bacasable-atoll.com\/wp-content\/uploads\/2024\/09\/placeholder-15-1024x683.png 1024w, https:\/\/yannick.bacasable-atoll.com\/wp-content\/uploads\/2024\/09\/placeholder-15-300x200.png 300w, https:\/\/yannick.bacasable-atoll.com\/wp-content\/uploads\/2024\/09\/placeholder-15-768x512.png 768w, https:\/\/yannick.bacasable-atoll.com\/wp-content\/uploads\/2024\/09\/placeholder-15.png 1200w\" sizes=\"(max-width: 1024px) 100vw, 1024px\" \/><br \/>\n\t\tl\u00e9gende de la photo 2\t\t<\/p>\n<h2>Nos services<\/h2>\n<p>\t\tPr\u00e9senter ici votre entreprise \u00e0 l&#8217;aide d&#8217;un petit texte d&#8217;une trentaine de mots. <br \/> <br \/>\nVous pouvez pr\u00e9senter l&#8217;historique de votre entreprise, vos membres, <br \/>  ou toutes autres informations que vous jugez utile \u00e0 votre \u00e0 pr\u00e9sentation.<br \/>\n\t\t\t<svg aria-hidden=\"true\" viewBox=\"0 0 512 512\" xmlns=\"http:\/\/www.w3.org\/2000\/svg\"><path d=\"M256 8C119.043 8 8 119.083 8 256c0 136.997 111.043 248 248 248s248-111.003 248-248C504 119.083 392.957 8 256 8zm0 110c23.196 0 42 18.804 42 42s-18.804 42-42 42-42-18.804-42-42 18.804-42 42-42zm56 254c0 6.627-5.373 12-12 12h-88c-6.627 0-12-5.373-12-12v-24c0-6.627 5.373-12 12-12h12v-64h-12c-6.627 0-12-5.373-12-12v-24c0-6.627 5.373-12 12-12h64c6.627 0 12 5.373 12 12v100h12c6.627 0 12 5.373 12 12v24z\"><\/path><\/svg>\t\t\t<\/p>\n<h2>Service<\/h2>\n<p>\t\tDescription de votre service en quelques mots<br \/>\n\t\t\t<svg aria-hidden=\"true\" viewBox=\"0 0 512 512\" xmlns=\"http:\/\/www.w3.org\/2000\/svg\"><path d=\"M256 8C119.043 8 8 119.083 8 256c0 136.997 111.043 248 248 248s248-111.003 248-248C504 119.083 392.957 8 256 8zm0 110c23.196 0 42 18.804 42 42s-18.804 42-42 42-42-18.804-42-42 18.804-42 42-42zm56 254c0 6.627-5.373 12-12 12h-88c-6.627 0-12-5.373-12-12v-24c0-6.627 5.373-12 12-12h12v-64h-12c-6.627 0-12-5.373-12-12v-24c0-6.627 5.373-12 12-12h64c6.627 0 12 5.373 12 12v100h12c6.627 0 12 5.373 12 12v24z\"><\/path><\/svg>\t\t\t<\/p>\n<h2>Service<\/h2>\n<p>\t\tDescription de votre service en quelques mots<br \/>\n\t\t\t<svg aria-hidden=\"true\" viewBox=\"0 0 512 512\" xmlns=\"http:\/\/www.w3.org\/2000\/svg\"><path d=\"M256 8C119.043 8 8 119.083 8 256c0 136.997 111.043 248 248 248s248-111.003 248-248C504 119.083 392.957 8 256 8zm0 110c23.196 0 42 18.804 42 42s-18.804 42-42 42-42-18.804-42-42 18.804-42 42-42zm56 254c0 6.627-5.373 12-12 12h-88c-6.627 0-12-5.373-12-12v-24c0-6.627 5.373-12 12-12h12v-64h-12c-6.627 0-12-5.373-12-12v-24c0-6.627 5.373-12 12-12h64c6.627 0 12 5.373 12 12v100h12c6.627 0 12 5.373 12 12v24z\"><\/path><\/svg>\t\t\t<\/p>\n<h2>Service<\/h2>\n<p>\t\tDescription de votre service en quelques mots<br \/>\n\t\t\t<svg aria-hidden=\"true\" viewBox=\"0 0 512 512\" xmlns=\"http:\/\/www.w3.org\/2000\/svg\"><path d=\"M256 8C119.043 8 8 119.083 8 256c0 136.997 111.043 248 248 248s248-111.003 248-248C504 119.083 392.957 8 256 8zm0 110c23.196 0 42 18.804 42 42s-18.804 42-42 42-42-18.804-42-42 18.804-42 42-42zm56 254c0 6.627-5.373 12-12 12h-88c-6.627 0-12-5.373-12-12v-24c0-6.627 5.373-12 12-12h12v-64h-12c-6.627 0-12-5.373-12-12v-24c0-6.627 5.373-12 12-12h64c6.627 0 12 5.373 12 12v100h12c6.627 0 12 5.373 12 12v24z\"><\/path><\/svg>\t\t\t<\/p>\n<h2>Service<\/h2>\n<p>\t\tDescription de votre service en quelques mots<br \/>\n\t\t\t<svg aria-hidden=\"true\" viewBox=\"0 0 512 512\" xmlns=\"http:\/\/www.w3.org\/2000\/svg\"><path d=\"M256 8C119.043 8 8 119.083 8 256c0 136.997 111.043 248 248 248s248-111.003 248-248C504 119.083 392.957 8 256 8zm0 110c23.196 0 42 18.804 42 42s-18.804 42-42 42-42-18.804-42-42 18.804-42 42-42zm56 254c0 6.627-5.373 12-12 12h-88c-6.627 0-12-5.373-12-12v-24c0-6.627 5.373-12 12-12h12v-64h-12c-6.627 0-12-5.373-12-12v-24c0-6.627 5.373-12 12-12h64c6.627 0 12 5.373 12 12v100h12c6.627 0 12 5.373 12 12v24z\"><\/path><\/svg>\t\t\t<\/p>\n<h2>Service<\/h2>\n<p>\t\tDescription de votre service en quelques mots<br \/>\n\t\t\t<svg aria-hidden=\"true\" viewBox=\"0 0 512 512\" xmlns=\"http:\/\/www.w3.org\/2000\/svg\"><path d=\"M256 8C119.043 8 8 119.083 8 256c0 136.997 111.043 248 248 248s248-111.003 248-248C504 119.083 392.957 8 256 8zm0 110c23.196 0 42 18.804 42 42s-18.804 42-42 42-42-18.804-42-42 18.804-42 42-42zm56 254c0 6.627-5.373 12-12 12h-88c-6.627 0-12-5.373-12-12v-24c0-6.627 5.373-12 12-12h12v-64h-12c-6.627 0-12-5.373-12-12v-24c0-6.627 5.373-12 12-12h64c6.627 0 12 5.373 12 12v100h12c6.627 0 12 5.373 12 12v24z\"><\/path><\/svg>\t\t\t<\/p>\n<h2>Service<\/h2>\n<p>\t\tDescription de votre service en quelques mots\t\t<\/p>\n<h2>Nous contacter<\/h2>\n<p>\t\t\t<a href=\"#\"><br \/>\n\t\t\t\t\t\t\t\t\tVotre num\u00e9ro de t\u00e9l\u00e9phone<br \/>\n\t\t\t\t\t<\/a><br \/>\n\t\t\t<a href=\"#\"><br \/>\n\t\t\t\t\t\t\t\t\tVotre adresse mail<br \/>\n\t\t\t\t\t<\/a><\/p>\n<ul>\n<li>\n\t\t\t\t\t\t\t\t\t\tLundi : Horaires\n\t\t\t\t\t\t\t\t\t<\/li>\n<li>\n\t\t\t\t\t\t\t\t\t\tMardi : Horaires\n\t\t\t\t\t\t\t\t\t<\/li>\n<li>\n\t\t\t\t\t\t\t\t\t\tMercredi : Horaires\n\t\t\t\t\t\t\t\t\t<\/li>\n<li>\n\t\t\t\t\t\t\t\t\t\tJeudi : Horaires\n\t\t\t\t\t\t\t\t\t<\/li>\n<li>\n\t\t\t\t\t\t\t\t\t\tVendredi : Horaires\n\t\t\t\t\t\t\t\t\t<\/li>\n<li>\n\t\t\t\t\t\t\t\t\t\tSamedi : Horaires\n\t\t\t\t\t\t\t\t\t<\/li>\n<li>\n\t\t\t\t\t\t\t\t\t\tDimanche: Horaires\n\t\t\t\t\t\t\t\t\t<\/li>\n<\/ul>\n<h2>Votre logo<\/h2>\n<p>\t\tLorem ipsum dolor sit amet, consectetur adipiscing elit. Ut elit tellus, luctus nec ullamcorper mattis, pulvinar dapibus leo.\t\t<\/p>\n<ul>\n<li>\n\t\t\t\t\t\t\t\t\t\tNous suivre :\n\t\t\t\t\t\t\t\t\t<\/li>\n<li>\n\t\t\t\t\t\t\t<svg aria-hidden=\"true\" viewBox=\"0 0 448 512\" xmlns=\"http:\/\/www.w3.org\/2000\/svg\"><path d=\"M224.1 141c-63.6 0-114.9 51.3-114.9 114.9s51.3 114.9 114.9 114.9S339 319.5 339 255.9 287.7 141 224.1 141zm0 189.6c-41.1 0-74.7-33.5-74.7-74.7s33.5-74.7 74.7-74.7 74.7 33.5 74.7 74.7-33.6 74.7-74.7 74.7zm146.4-194.3c0 14.9-12 26.8-26.8 26.8-14.9 0-26.8-12-26.8-26.8s12-26.8 26.8-26.8 26.8 12 26.8 26.8zm76.1 27.2c-1.7-35.9-9.9-67.7-36.2-93.9-26.2-26.2-58-34.4-93.9-36.2-37-2.1-147.9-2.1-184.9 0-35.8 1.7-67.6 9.9-93.9 36.1s-34.4 58-36.2 93.9c-2.1 37-2.1 147.9 0 184.9 1.7 35.9 9.9 67.7 36.2 93.9s58 34.4 93.9 36.2c37 2.1 147.9 2.1 184.9 0 35.9-1.7 67.7-9.9 93.9-36.2 26.2-26.2 34.4-58 36.2-93.9 2.1-37 2.1-147.8 0-184.8zM398.8 388c-7.8 19.6-22.9 34.7-42.6 42.6-29.5 11.7-99.5 9-132.1 9s-102.7 2.6-132.1-9c-19.6-7.8-34.7-22.9-42.6-42.6-11.7-29.5-9-99.5-9-132.1s-2.6-102.7 9-132.1c7.8-19.6 22.9-34.7 42.6-42.6 29.5-11.7 99.5-9 132.1-9s102.7-2.6 132.1 9c19.6 7.8 34.7 22.9 42.6 42.6 11.7 29.5 9 99.5 9 132.1s2.7 102.7-9 132.1z\"><\/path><\/svg><br \/>\n\t\t\t\t\t\t\t\t\t\t@votrepseudo\n\t\t\t\t\t\t\t\t\t<\/li>\n<li>\n\t\t\t\t\t\t\t<svg aria-hidden=\"true\" viewBox=\"0 0 512 512\" xmlns=\"http:\/\/www.w3.org\/2000\/svg\"><path d=\"M504 256C504 119 393 8 256 8S8 119 8 256c0 123.78 90.69 226.38 209.25 245V327.69h-63V256h63v-54.64c0-62.15 37-96.48 93.67-96.48 27.14 0 55.52 4.84 55.52 4.84v61h-31.28c-30.8 0-40.41 19.12-40.41 38.73V256h68.78l-11 71.69h-57.78V501C413.31 482.38 504 379.78 504 256z\"><\/path><\/svg><br \/>\n\t\t\t\t\t\t\t\t\t\tvotrepseudo\n\t\t\t\t\t\t\t\t\t<\/li>\n<li>\n\t\t\t\t\t\t\t<svg aria-hidden=\"true\" viewBox=\"0 0 448 512\" xmlns=\"http:\/\/www.w3.org\/2000\/svg\"><path d=\"M416 32H31.9C14.3 32 0 46.5 0 64.3v383.4C0 465.5 14.3 480 31.9 480H416c17.6 0 32-14.5 32-32.3V64.3c0-17.8-14.4-32.3-32-32.3zM135.4 416H69V202.2h66.5V416zm-33.2-243c-21.3 0-38.5-17.3-38.5-38.5S80.9 96 102.2 96c21.2 0 38.5 17.3 38.5 38.5 0 21.3-17.2 38.5-38.5 38.5zm282.1 243h-66.4V312c0-24.8-.5-56.7-34.5-56.7-34.6 0-39.9 27-39.9 54.9V416h-66.4V202.2h63.7v29.2h.9c8.9-16.8 30.6-34.5 62.9-34.5 67.2 0 79.7 44.3 79.7 101.9V416z\"><\/path><\/svg><br \/>\n\t\t\t\t\t\t\t\t\t\tvotrepseudo\n\t\t\t\t\t\t\t\t\t<\/li>\n<\/ul>\n<ul>\n<li>\n\t\t\t\t\t\t\t\t\t\tNous suivre :\n\t\t\t\t\t\t\t\t\t<\/li>\n<li>\n\t\t\t\t\t\t\t<svg aria-hidden=\"true\" viewBox=\"0 0 448 512\" xmlns=\"http:\/\/www.w3.org\/2000\/svg\"><path d=\"M224.1 141c-63.6 0-114.9 51.3-114.9 114.9s51.3 114.9 114.9 114.9S339 319.5 339 255.9 287.7 141 224.1 141zm0 189.6c-41.1 0-74.7-33.5-74.7-74.7s33.5-74.7 74.7-74.7 74.7 33.5 74.7 74.7-33.6 74.7-74.7 74.7zm146.4-194.3c0 14.9-12 26.8-26.8 26.8-14.9 0-26.8-12-26.8-26.8s12-26.8 26.8-26.8 26.8 12 26.8 26.8zm76.1 27.2c-1.7-35.9-9.9-67.7-36.2-93.9-26.2-26.2-58-34.4-93.9-36.2-37-2.1-147.9-2.1-184.9 0-35.8 1.7-67.6 9.9-93.9 36.1s-34.4 58-36.2 93.9c-2.1 37-2.1 147.9 0 184.9 1.7 35.9 9.9 67.7 36.2 93.9s58 34.4 93.9 36.2c37 2.1 147.9 2.1 184.9 0 35.9-1.7 67.7-9.9 93.9-36.2 26.2-26.2 34.4-58 36.2-93.9 2.1-37 2.1-147.8 0-184.8zM398.8 388c-7.8 19.6-22.9 34.7-42.6 42.6-29.5 11.7-99.5 9-132.1 9s-102.7 2.6-132.1-9c-19.6-7.8-34.7-22.9-42.6-42.6-11.7-29.5-9-99.5-9-132.1s-2.6-102.7 9-132.1c7.8-19.6 22.9-34.7 42.6-42.6 29.5-11.7 99.5-9 132.1-9s102.7-2.6 132.1 9c19.6 7.8 34.7 22.9 42.6 42.6 11.7 29.5 9 99.5 9 132.1s2.7 102.7-9 132.1z\"><\/path><\/svg><br \/>\n\t\t\t\t\t\t\t\t\t\t@votrepseudo\n\t\t\t\t\t\t\t\t\t<\/li>\n<li>\n\t\t\t\t\t\t\t<svg aria-hidden=\"true\" viewBox=\"0 0 512 512\" xmlns=\"http:\/\/www.w3.org\/2000\/svg\"><path d=\"M504 256C504 119 393 8 256 8S8 119 8 256c0 123.78 90.69 226.38 209.25 245V327.69h-63V256h63v-54.64c0-62.15 37-96.48 93.67-96.48 27.14 0 55.52 4.84 55.52 4.84v61h-31.28c-30.8 0-40.41 19.12-40.41 38.73V256h68.78l-11 71.69h-57.78V501C413.31 482.38 504 379.78 504 256z\"><\/path><\/svg><br \/>\n\t\t\t\t\t\t\t\t\t\tvotrepseudo\n\t\t\t\t\t\t\t\t\t<\/li>\n<li>\n\t\t\t\t\t\t\t<svg aria-hidden=\"true\" viewBox=\"0 0 448 512\" xmlns=\"http:\/\/www.w3.org\/2000\/svg\"><path d=\"M416 32H31.9C14.3 32 0 46.5 0 64.3v383.4C0 465.5 14.3 480 31.9 480H416c17.6 0 32-14.5 32-32.3V64.3c0-17.8-14.4-32.3-32-32.3zM135.4 416H69V202.2h66.5V416zm-33.2-243c-21.3 0-38.5-17.3-38.5-38.5S80.9 96 102.2 96c21.2 0 38.5 17.3 38.5 38.5 0 21.3-17.2 38.5-38.5 38.5zm282.1 243h-66.4V312c0-24.8-.5-56.7-34.5-56.7-34.6 0-39.9 27-39.9 54.9V416h-66.4V202.2h63.7v29.2h.9c8.9-16.8 30.6-34.5 62.9-34.5 67.2 0 79.7 44.3 79.7 101.9V416z\"><\/path><\/svg><br \/>\n\t\t\t\t\t\t\t\t\t\tvotrepseudo\n\t\t\t\t\t\t\t\t\t<\/li>\n<\/ul>\n<h2>Mentions l\u00e9gales<\/h2>\n<h2>R\u00e9alisation : Atoll Design\u00ae<\/h2>\n","protected":false},"excerpt":{"rendered":"<p>Accueil A propos Services Contact Accueil A propos Services Contact A propos de nous l\u00e9gende de la photo 1 l\u00e9gende de la photo 2 Nos services Pr\u00e9senter ici votre entreprise \u00e0 l&#8217;aide d&#8217;un petit texte d&#8217;une trentaine de mots. Vous pouvez pr\u00e9senter l&#8217;historique de votre entreprise, vos membres, ou toutes autres informations que vous jugez [&hellip;]<\/p>\n","protected":false},"author":1,"featured_media":0,"parent":0,"menu_order":0,"comment_status":"closed","ping_status":"closed","template":"elementor_canvas","meta":{"footnotes":""},"class_list":["post-531","page","type-page","status-publish","hentry"],"_links":{"self":[{"href":"https:\/\/yannick.bacasable-atoll.com\/index.php\/wp-json\/wp\/v2\/pages\/531"}],"collection":[{"href":"https:\/\/yannick.bacasable-atoll.com\/index.php\/wp-json\/wp\/v2\/pages"}],"about":[{"href":"https:\/\/yannick.bacasable-atoll.com\/index.php\/wp-json\/wp\/v2\/types\/page"}],"author":[{"embeddable":true,"href":"https:\/\/yannick.bacasable-atoll.com\/index.php\/wp-json\/wp\/v2\/users\/1"}],"replies":[{"embeddable":true,"href":"https:\/\/yannick.bacasable-atoll.com\/index.php\/wp-json\/wp\/v2\/comments?post=531"}],"version-history":[{"count":0,"href":"https:\/\/yannick.bacasable-atoll.com\/index.php\/wp-json\/wp\/v2\/pages\/531\/revisions"}],"wp:attachment":[{"href":"https:\/\/yannick.bacasable-atoll.com\/index.php\/wp-json\/wp\/v2\/media?parent=531"}],"curies":[{"name":"wp","href":"https:\/\/api.w.org\/{rel}","templated":true}]}}